{"id":3,"date":"2020-08-26T07:52:06","date_gmt":"2020-08-26T07:52:06","guid":{"rendered":"http:\/\/www.aigner-dachs.at\/?page_id=3"},"modified":"2024-02-05T17:25:08","modified_gmt":"2024-02-05T17:25:08","slug":"privacy-policy","status":"publish","type":"page","link":"https:\/\/www.aigner-dachs.at\/?page_id=3","title":{"rendered":"Impressum und Datenschutz"},"content":{"rendered":"\n<p><a href=\"http:\/\/www.aigner-dachs.at\"><\/a><\/p>\n\n\n\n<h4 class=\"wp-block-heading\">Dr. med. univ. Andreas Aigner <br>Dr. med. univ. Martin Dachs<\/h4>\n\n\n\n<p><strong>Gruppenpraxis f\u00fcr Allgemeinmedizin OG<\/strong><br><strong>Hauptstra\u00dfe 42<\/strong><br><strong>4692 Niederthalheim<br>+43 7673 75436<\/strong><\/p>\n\n\n\n<p><strong>Inhalt des Onlineangebotes<\/strong><br>Der Autor \u00fcbernimmt keinerlei Gew\u00e4hr f\u00fcr die Aktualit\u00e4t, Richtigkeit und Vollst\u00e4ndigkeit der bereitgestellten Informationen auf unserer Website. Haftungsanspr\u00fcche gegen den Autor, welche sich auf Sch\u00e4den materieller oder ideeller Art beziehen, die durch die Nutzung oder Nichtnutzung der dargebotenen Informationen bzw. durch die Nutzung fehlerhafter und unvollst\u00e4ndiger Informationen verursacht wurden, sind grunds\u00e4tzlich ausgeschlossen, sofern seitens des Autors kein nachweislich vors\u00e4tzliches oder grob fahrl\u00e4ssiges Verschulden vorliegt.<br>Alle Angaben sind freibleibend und unverbindlich. Der Autor beh\u00e4lt es sich ausdr\u00fccklich vor, Teile der Seiten ohne gesonderte Ank\u00fcndigung zu ver\u00e4ndern, zu erg\u00e4nzen, zu l\u00f6schen oder die Ver\u00f6ffentlichung zeitweise oder endg\u00fcltig einzustellen.<\/p>\n\n\n\n<p><strong>Verweise und Links<\/strong><br>Bei direkten oder indirekten Verweisen auf fremde Webseiten (\u201cHyperlinks\u201d), die au\u00dferhalb des Verantwortungsbereiches des Autors liegen, w\u00fcrde eine Haftungsverpflichtung ausschlie\u00dflich in dem Fall in Kraft treten, in dem der Autor von den Inhalten Kenntnis hat und es ihm technisch m\u00f6glich und zumutbar w\u00e4re, die Nutzung im Falle rechtswidriger Inhalte zu verhindern.<\/p>\n\n\n\n<p><strong>Urheber- und Kennzeichenrecht<br><\/strong>Der Autor ist bestrebt, in allen Publikationen die Urheberrechte der verwendeten Bilder, Grafiken, Tondokumente, Videosequenzen und Texte zu beachten, von ihm selbst erstellte Bilder, Grafiken, Tondokumente, Videosequenzen und Texte zu nutzen oder auf lizenzfreie Grafiken, Tondokumente, Videosequenzen und Texte zur\u00fcckzugreifen.<br>Alle innerhalb des Internetangebotes genannten und ggf. durch Dritte gesch\u00fctzten Marken- und Warenzeichen unterliegen uneingeschr\u00e4nkt den Bestimmungen des jeweils g\u00fcltigen Kennzeichenrechts und den Besitzrechten der jeweiligen eingetragenen Eigent\u00fcmer. Allein aufgrund der blo\u00dfen Nennung ist nicht der Schluss zu ziehen, dass Markenzeichen nicht durch Rechte Dritter gesch\u00fctzt sind!<br>Das Copyright f\u00fcr ver\u00f6ffentlichte, vom Autor selbst erstellte Objekte bleibt allein beim Autor der Seiten. Eine Vervielf\u00e4ltigung oder Verwendung solcher Grafiken, Tondokumente, Videosequenzen und Texte in anderen elektronischen oder gedruckten Publikationen ist ohne ausdr\u00fcckliche Zustimmung des Autors nicht gestattet.<\/p>\n\n\n\n<p>Fotos: Irina Thalhammer<\/p>\n\n\n\n<p><strong>RECHTLICHER HINWEIS:<\/strong><\/p>\n\n\n\n<p>Hinweis zum Thema Abmahnung: Keine Abmahnung ohne sich vorher mit uns in Verbindung zu setzen. Wenn der Inhalt oder die Aufmachung unserer Seiten gegen fremde Rechte Dritter oder gesetzliche Bestimmungen verst\u00f6\u00dft, so w\u00fcnschen wir eine entsprechende Nachricht ohne Kostennote. Wir werden die entsprechenden Passagen sofort l\u00f6schen, falls zu Recht beanstandet. Von Ihrer Seite ist die Einschaltung eines Rechtsbeistandes nicht erforderlich. Sollten dennoch Kosten dadurch entstehen, das Sie keine vorherige Kontaktaufnahme vornehmen, werden wir die Kosten vollst\u00e4ndig zur\u00fcckweisen und eventuell Gegenklage erheben, da Sie gegen diesen Artikel versto\u00dfen haben.<\/p>\n\n\n\n<p><\/p>\n\n\n\n<p><\/p>\n","protected":false},"excerpt":{"rendered":"<p>Dr. med. univ. Andreas Aigner Dr. med. univ. Martin Dachs Gruppenpraxis f\u00fcr Allgemeinmedizin OGHauptstra\u00dfe 424692 Niederthalheim+43 7673 75436 Inhalt des OnlineangebotesDer Autor \u00fcbernimmt keinerlei Gew\u00e4hr f\u00fcr die Aktualit\u00e4t, Richtigkeit und Vollst\u00e4ndigkeit der bereitgestellten Informationen auf unserer Website. Haftungsanspr\u00fcche gegen den Autor, welche sich auf Sch\u00e4den materieller oder ideeller Art beziehen, die durch die Nutzung oder [&hellip;]<\/p>\n","protected":false},"author":1,"featured_media":0,"parent":0,"menu_order":0,"comment_status":"closed","ping_status":"open","template":"","meta":{"_ti_tpc_template_sync":false,"_ti_tpc_template_id":"","footnotes":""},"_links":{"self":[{"href":"https:\/\/www.aigner-dachs.at\/index.php?rest_route=\/wp\/v2\/pages\/3"}],"collection":[{"href":"https:\/\/www.aigner-dachs.at\/index.php?rest_route=\/wp\/v2\/pages"}],"about":[{"href":"https:\/\/www.aigner-dachs.at\/index.php?rest_route=\/wp\/v2\/types\/page"}],"author":[{"embeddable":true,"href":"https:\/\/www.aigner-dachs.at\/index.php?rest_route=\/wp\/v2\/users\/1"}],"replies":[{"embeddable":true,"href":"https:\/\/www.aigner-dachs.at\/index.php?rest_route=%2Fwp%2Fv2%2Fcomments&post=3"}],"version-history":[{"count":2,"href":"https:\/\/www.aigner-dachs.at\/index.php?rest_route=\/wp\/v2\/pages\/3\/revisions"}],"predecessor-version":[{"id":191,"href":"https:\/\/www.aigner-dachs.at\/index.php?rest_route=\/wp\/v2\/pages\/3\/revisions\/191"}],"wp:attachment":[{"href":"https:\/\/www.aigner-dachs.at\/index.php?rest_route=%2Fwp%2Fv2%2Fmedia&parent=3"}],"curies":[{"name":"wp","href":"https:\/\/api.w.org\/{rel}","templated":true}]}}